{"id":495,"date":"2024-03-20T12:38:03","date_gmt":"2024-03-20T12:38:03","guid":{"rendered":"https:\/\/finnkiila.fi\/?page_id=495"},"modified":"2025-09-22T15:03:38","modified_gmt":"2025-09-22T15:03:38","slug":"contact-us","status":"publish","type":"page","link":"https:\/\/finnkiila.fi\/en\/contact-us\/","title":{"rendered":"Contact us"},"content":{"rendered":"\n<p>Y-tunnus: 2690159-5<br>Tuhkurinpolku 30<br>41940 JYV\u00c4SKYL\u00c4<\/p>\n\n\n\n<p><strong>Kimmo Sepp\u00e4nen,<\/strong>\u00a0sales, marketing, administration.<br>Phone number: +358 40 084 5498<br>Email:\u00a0kimmo.seppanen@finnkiila.fi<\/p>\n\n\n\n<p><strong>Janne Eskelinen<\/strong>, production development, owner.<br>Phone number:\u00a0+358 44 304 0586<br>Email:\u00a0janne.eskelinen@finnkiila.fi<\/p>\n\n\n\n<p><strong>Production 1<\/strong>. (no PO Box)<\/p>\n\n\n\n<p>Mikonkuja 1b, 69950 Perho<br><a href=\"https:\/\/maps.app.goo.gl\/Xpm5je6A2cVJ2WDW9\" target=\"_blank\" rel=\"noreferrer noopener\"><strong>Map and driving directions >><\/strong><\/a><\/p>\n\n\n\n<p><strong>Production 2<\/strong>.<\/p>\n\n\n\n<p>Turantie 80b, 40800 Vaajakoski<\/p>\n\n\n\n<p><strong>Online billing address<\/strong><br>Operator: Maventa (003721291126)<br>Online billing address: 003726901595<\/p>\n\n\n\n<p><strong>Paper billing address<\/strong><br>Finnkiila Oy<br>26901595<br>PL 100<br>80020 Kollektor Scan<\/p>\n","protected":false},"excerpt":{"rendered":"<p>Y-tunnus: 2690159-5Tuhkurinpolku 3041940 JYV\u00c4SKYL\u00c4 Kimmo Sepp\u00e4nen,\u00a0sales, marketing, administration.Phone number: +358 40 084 5498Email:\u00a0kimmo.seppanen@finnkiila.fi Janne Eskelinen, production development, owner.Phone number:\u00a0+358 44 304 0586Email:\u00a0janne.eskelinen@finnkiila.fi Production 1. (no PO Box) Mikonkuja 1b, 69950 PerhoMap and driving directions >> Production 2. Turantie 80b, 40800 Vaajakoski Online billing addressOperator: Maventa (003721291126)Online billing address: 003726901595 Paper billing addressFinnkiila Oy26901595PL 10080020 Kollektor [&hellip;]<\/p>\n","protected":false},"author":2,"featured_media":0,"parent":0,"menu_order":0,"comment_status":"closed","ping_status":"closed","template":"","meta":{"footnotes":""},"class_list":["post-495","page","type-page","status-publish","hentry"],"yoast_head":"<!-- This site is optimized with the Yoast SEO plugin v27.5 - https:\/\/yoast.com\/product\/yoast-seo-wordpress\/ -->\n<title>Contact us - Finnkiila<\/title>\n<meta name=\"robots\" content=\"index, follow, max-snippet:-1, max-image-preview:large, max-video-preview:-1\" \/>\n<link rel=\"canonical\" href=\"https:\/\/finnkiila.fi\/en\/contact-us\/\" \/>\n<meta property=\"og:locale\" content=\"en_US\" \/>\n<meta property=\"og:type\" content=\"article\" \/>\n<meta property=\"og:title\" content=\"Contact us - Finnkiila\" \/>\n<meta property=\"og:description\" content=\"Y-tunnus: 2690159-5Tuhkurinpolku 3041940 JYV\u00c4SKYL\u00c4 Kimmo Sepp\u00e4nen,\u00a0sales, marketing, administration.Phone number: +358 40 084 5498Email:\u00a0kimmo.seppanen@finnkiila.fi Janne Eskelinen, production development, owner.Phone number:\u00a0+358 44 304 0586Email:\u00a0janne.eskelinen@finnkiila.fi Production 1. (no PO Box) Mikonkuja 1b, 69950 PerhoMap and driving directions &gt;&gt; Production 2. Turantie 80b, 40800 Vaajakoski Online billing addressOperator: Maventa (003721291126)Online billing address: 003726901595 Paper billing addressFinnkiila Oy26901595PL 10080020 Kollektor [&hellip;]\" \/>\n<meta property=\"og:url\" content=\"https:\/\/finnkiila.fi\/en\/contact-us\/\" \/>\n<meta property=\"og:site_name\" content=\"Finnkiila\" \/>\n<meta property=\"article:modified_time\" content=\"2025-09-22T15:03:38+00:00\" \/>\n<meta name=\"twitter:card\" content=\"summary_large_image\" \/>\n<meta name=\"twitter:label1\" content=\"Est. reading time\" \/>\n\t<meta name=\"twitter:data1\" content=\"1 minute\" \/>\n<script type=\"application\/ld+json\" class=\"yoast-schema-graph\">{\"@context\":\"https:\\\/\\\/schema.org\",\"@graph\":[{\"@type\":\"WebPage\",\"@id\":\"https:\\\/\\\/finnkiila.fi\\\/en\\\/contact-us\\\/\",\"url\":\"https:\\\/\\\/finnkiila.fi\\\/en\\\/contact-us\\\/\",\"name\":\"Contact us - Finnkiila\",\"isPartOf\":{\"@id\":\"https:\\\/\\\/finnkiila.fi\\\/en\\\/#website\"},\"datePublished\":\"2024-03-20T12:38:03+00:00\",\"dateModified\":\"2025-09-22T15:03:38+00:00\",\"breadcrumb\":{\"@id\":\"https:\\\/\\\/finnkiila.fi\\\/en\\\/contact-us\\\/#breadcrumb\"},\"inLanguage\":\"en-US\",\"potentialAction\":[{\"@type\":\"ReadAction\",\"target\":[\"https:\\\/\\\/finnkiila.fi\\\/en\\\/contact-us\\\/\"]}]},{\"@type\":\"BreadcrumbList\",\"@id\":\"https:\\\/\\\/finnkiila.fi\\\/en\\\/contact-us\\\/#breadcrumb\",\"itemListElement\":[{\"@type\":\"ListItem\",\"position\":1,\"name\":\"Etusivu\",\"item\":\"https:\\\/\\\/finnkiila.fi\\\/en\\\/\"},{\"@type\":\"ListItem\",\"position\":2,\"name\":\"Contact us\"}]},{\"@type\":\"WebSite\",\"@id\":\"https:\\\/\\\/finnkiila.fi\\\/en\\\/#website\",\"url\":\"https:\\\/\\\/finnkiila.fi\\\/en\\\/\",\"name\":\"Finnkiila\",\"description\":\"Puukiilat rakentamiseen ja teollisuuteen\",\"potentialAction\":[{\"@type\":\"SearchAction\",\"target\":{\"@type\":\"EntryPoint\",\"urlTemplate\":\"https:\\\/\\\/finnkiila.fi\\\/en\\\/?s={search_term_string}\"},\"query-input\":{\"@type\":\"PropertyValueSpecification\",\"valueRequired\":true,\"valueName\":\"search_term_string\"}}],\"inLanguage\":\"en-US\"}]}<\/script>\n<!-- \/ Yoast SEO plugin. -->","yoast_head_json":{"title":"Contact us - Finnkiila","robots":{"index":"index","follow":"follow","max-snippet":"max-snippet:-1","max-image-preview":"max-image-preview:large","max-video-preview":"max-video-preview:-1"},"canonical":"https:\/\/finnkiila.fi\/en\/contact-us\/","og_locale":"en_US","og_type":"article","og_title":"Contact us - Finnkiila","og_description":"Y-tunnus: 2690159-5Tuhkurinpolku 3041940 JYV\u00c4SKYL\u00c4 Kimmo Sepp\u00e4nen,\u00a0sales, marketing, administration.Phone number: +358 40 084 5498Email:\u00a0kimmo.seppanen@finnkiila.fi Janne Eskelinen, production development, owner.Phone number:\u00a0+358 44 304 0586Email:\u00a0janne.eskelinen@finnkiila.fi Production 1. (no PO Box) Mikonkuja 1b, 69950 PerhoMap and driving directions >> Production 2. Turantie 80b, 40800 Vaajakoski Online billing addressOperator: Maventa (003721291126)Online billing address: 003726901595 Paper billing addressFinnkiila Oy26901595PL 10080020 Kollektor [&hellip;]","og_url":"https:\/\/finnkiila.fi\/en\/contact-us\/","og_site_name":"Finnkiila","article_modified_time":"2025-09-22T15:03:38+00:00","twitter_card":"summary_large_image","twitter_misc":{"Est. reading time":"1 minute"},"schema":{"@context":"https:\/\/schema.org","@graph":[{"@type":"WebPage","@id":"https:\/\/finnkiila.fi\/en\/contact-us\/","url":"https:\/\/finnkiila.fi\/en\/contact-us\/","name":"Contact us - Finnkiila","isPartOf":{"@id":"https:\/\/finnkiila.fi\/en\/#website"},"datePublished":"2024-03-20T12:38:03+00:00","dateModified":"2025-09-22T15:03:38+00:00","breadcrumb":{"@id":"https:\/\/finnkiila.fi\/en\/contact-us\/#breadcrumb"},"inLanguage":"en-US","potentialAction":[{"@type":"ReadAction","target":["https:\/\/finnkiila.fi\/en\/contact-us\/"]}]},{"@type":"BreadcrumbList","@id":"https:\/\/finnkiila.fi\/en\/contact-us\/#breadcrumb","itemListElement":[{"@type":"ListItem","position":1,"name":"Etusivu","item":"https:\/\/finnkiila.fi\/en\/"},{"@type":"ListItem","position":2,"name":"Contact us"}]},{"@type":"WebSite","@id":"https:\/\/finnkiila.fi\/en\/#website","url":"https:\/\/finnkiila.fi\/en\/","name":"Finnkiila","description":"Puukiilat rakentamiseen ja teollisuuteen","potentialAction":[{"@type":"SearchAction","target":{"@type":"EntryPoint","urlTemplate":"https:\/\/finnkiila.fi\/en\/?s={search_term_string}"},"query-input":{"@type":"PropertyValueSpecification","valueRequired":true,"valueName":"search_term_string"}}],"inLanguage":"en-US"}]}},"_links":{"self":[{"href":"https:\/\/finnkiila.fi\/en\/wp-json\/wp\/v2\/pages\/495","targetHints":{"allow":["GET"]}}],"collection":[{"href":"https:\/\/finnkiila.fi\/en\/wp-json\/wp\/v2\/pages"}],"about":[{"href":"https:\/\/finnkiila.fi\/en\/wp-json\/wp\/v2\/types\/page"}],"author":[{"embeddable":true,"href":"https:\/\/finnkiila.fi\/en\/wp-json\/wp\/v2\/users\/2"}],"replies":[{"embeddable":true,"href":"https:\/\/finnkiila.fi\/en\/wp-json\/wp\/v2\/comments?post=495"}],"version-history":[{"count":7,"href":"https:\/\/finnkiila.fi\/en\/wp-json\/wp\/v2\/pages\/495\/revisions"}],"predecessor-version":[{"id":958,"href":"https:\/\/finnkiila.fi\/en\/wp-json\/wp\/v2\/pages\/495\/revisions\/958"}],"wp:attachment":[{"href":"https:\/\/finnkiila.fi\/en\/wp-json\/wp\/v2\/media?parent=495"}],"curies":[{"name":"wp","href":"https:\/\/api.w.org\/{rel}","templated":true}]}}