{"id":504,"date":"2024-03-27T12:55:41","date_gmt":"2024-03-27T12:55:41","guid":{"rendered":"https:\/\/finnkiila.fi\/?page_id=504"},"modified":"2024-12-19T12:45:54","modified_gmt":"2024-12-19T12:45:54","slug":"vauriontorjuntakiila","status":"publish","type":"page","link":"https:\/\/finnkiila.fi\/en\/vauriontorjuntakiila\/","title":{"rendered":"Damage control wedges and plugs"},"content":{"rendered":"\n<p>Damage control wedges and plugs are used as a first aid to plug leaks. Applications include, for example, ships, tanks, cylinders and pipelines. Wood is very compatible with most chemicals.<\/p>\n\n\n\n<p>Ask for an offer or order Small - or Big Damage Control bag.<\/p>\n\n\n\n<p><strong>Single damage control models<\/strong>: product nro.\/name\/dimensions\/material.<\/p>\n\n\n\n<ul class=\"wp-block-list\">\n<li>7122\/ Rectangle wedge 40x90x400mm, pine.<\/li>\n\n\n\n<li>7121\/ Rectangle wedge 30x90x200mm, pine.<\/li>\n\n\n\n<li>7123\/ Rectangle wedge 30x70x200mm, birch.<\/li>\n\n\n\n<li>7120\/ Rectangle wedge 30x40x200mm, birch.<\/li>\n\n\n\n<li>7124\/ Rectangle wedge 20x40x200mm, pine.<\/li>\n\n\n\n<li>7103\/ Round cone wedge 30x150mm, pine.<\/li>\n\n\n\n<li>7100\/ Round cone wedge 40x300mm, pine.<\/li>\n\n\n\n<li>7101\/ Round cone wedge 60x400mm, pine.<\/li>\n\n\n\n<li>7102\/ Round cone wedge 90x400mm, pine.<\/li>\n\n\n\n<li>7110\/ Square cone wedge 40x300mm, pine.<\/li>\n\n\n\n<li>7111\/ Square cone wedge 60x400mm, pine.<\/li>\n\n\n\n<li>7112\/ Square cone wedge 90x400mm, pine.<\/li>\n\n\n\n<li>7113\/ Square cone wedge 140x400mm, pine.<\/li>\n<\/ul>\n\n\n\n<p><strong>Small damage control bag<\/strong>: product nro.\/name\/dimensions\/material.<\/p>\n\n\n\n<ul class=\"wp-block-list\">\n<li>7250\/ Small damage control bag. Orange attention color\/1pc<\/li>\n\n\n\n<li>7120\/ Rectangle wedge 30x40x200mm, birch\/ 4pc<\/li>\n\n\n\n<li>7123\/ Rectangle wedge 30x70x200mm, birch\/ 4pc<\/li>\n\n\n\n<li>7124\/ Rectangle wedge 20x40x200mm, pine\/ 4pc<\/li>\n\n\n\n<li>7121\/ Rectangle wedge30x90x200mm, pine\/ 4pc<\/li>\n\n\n\n<li>7103\/ Round cone wedge 30x150mm, pine\/ 2pc<\/li>\n\n\n\n<li>7100\/ Round cone wedge40x300mm, pine\/ 2pc<\/li>\n\n\n\n<li>7110\/ Square cone wedge 40x300mm, pine\/ 2pc<\/li>\n\n\n\n<li>7200\/ Sealing cloth n.500x700x400mm\/ 2pc<\/li>\n<\/ul>\n\n\n\n<p><strong>Big damage control bag<\/strong>: product nro.\/name\/dimensions\/material.<\/p>\n\n\n\n<ul class=\"wp-block-list\">\n<li>7250\/ Big damage control bag. Orange attention color\/1pc<\/li>\n\n\n\n<li>7122\/ Rectangle wedge 40x90x400mm, birch\/ 2pc<\/li>\n\n\n\n<li>7101\/ Round cone wedge 60x400mm, pine\/ 2pc<\/li>\n\n\n\n<li>7102\/ Round cone wedge 90x400mm, pine\/ 2pc<\/li>\n\n\n\n<li>7111\/ Square cone wedge 60x400mm, pine\/ 2pc<\/li>\n\n\n\n<li>7112\/ Square cone wedge 90x400mm, pine\/ 2pc<\/li>\n\n\n\n<li>7113\/ Square cone wedge 140x400mm, pine\/ 1pc<\/li>\n\n\n\n<li>7200\/ Sealing cloth n.500x700x400mm\/ 2pc<\/li>\n\n\n\n<li>7210\/ Rubber hammer \/ 1pc<\/li>\n<\/ul>\n\n\n\n<p><strong>Materiaali:&nbsp;<\/strong>Pine or Birch<\/p>\n\n\n\n<p><strong>Manufacturer:&nbsp;<\/strong>Finnkiila Oy<\/p>\n\n\n\n<p>Ask for other sices and materials!<\/p>\n\n\n\n<p>International terms: Cu\u00f1as de control de da\u00f1os, Keile zur schadensbergenzun, Cunei di controllo dei danni, Skadeskontrolkiler, Cales de contr\u00f4le des d\u00e9g\u00e2ts, Cunhas de controle de danos, Kliny kontroli uszkodzen.<\/p>\n\n\n\n<p><a href=\"https:\/\/www.youtube.com\/watch?v=SGEl5DE_q1Q\" target=\"_blank\" rel=\"noreferrer noopener\">Katso video tilanteesta t\u00e4\u00e4ll\u00e4 \u00bb<\/a><\/p>\n","protected":false},"excerpt":{"rendered":"<p>Damage control wedges and plugs are used as a first aid to plug leaks. Applications include, for example, ships, tanks, cylinders and pipelines. Wood is very compatible with most chemicals. Ask for an offer or order Small - or Big Damage Control bag. Single damage control models: product nro.\/name\/dimensions\/material. Small damage control bag: product nro.\/name\/dimensions\/material. [&hellip;]<\/p>\n","protected":false},"author":2,"featured_media":606,"parent":0,"menu_order":0,"comment_status":"closed","ping_status":"closed","template":"","meta":{"footnotes":""},"class_list":["post-504","page","type-page","status-publish","has-post-thumbnail","hentry"],"yoast_head":"<!-- This site is optimized with the Yoast SEO plugin v27.4 - https:\/\/yoast.com\/product\/yoast-seo-wordpress\/ -->\n<title>Damage control wedges and plugs - Finnkiila<\/title>\n<meta name=\"description\" content=\"Vauriontorjuntakiila valikoimamme on laaja. Voimme r\u00e4\u00e4t\u00e4l\u00f6id\u00e4 kiilasarjan juuri teid\u00e4n tarpeitanne vastaavaksi!\" \/>\n<meta name=\"robots\" content=\"index, follow, max-snippet:-1, max-image-preview:large, max-video-preview:-1\" \/>\n<link rel=\"canonical\" href=\"https:\/\/finnkiila.fi\/en\/vauriontorjuntakiila\/\" \/>\n<meta property=\"og:locale\" content=\"en_US\" \/>\n<meta property=\"og:type\" content=\"article\" \/>\n<meta property=\"og:title\" content=\"Damage control wedges and plugs - Finnkiila\" \/>\n<meta property=\"og:description\" content=\"Vauriontorjuntakiila valikoimamme on laaja. Voimme r\u00e4\u00e4t\u00e4l\u00f6id\u00e4 kiilasarjan juuri teid\u00e4n tarpeitanne vastaavaksi!\" \/>\n<meta property=\"og:url\" content=\"https:\/\/finnkiila.fi\/en\/vauriontorjuntakiila\/\" \/>\n<meta property=\"og:site_name\" content=\"Finnkiila\" \/>\n<meta property=\"article:modified_time\" content=\"2024-12-19T12:45:54+00:00\" \/>\n<meta property=\"og:image\" content=\"https:\/\/finnkiila.fi\/wp-content\/uploads\/2024\/06\/IMG_4788_www.jpg\" \/>\n\t<meta property=\"og:image:width\" content=\"1623\" \/>\n\t<meta property=\"og:image:height\" content=\"1084\" \/>\n\t<meta property=\"og:image:type\" content=\"image\/jpeg\" \/>\n<meta name=\"twitter:card\" content=\"summary_large_image\" \/>\n<meta name=\"twitter:label1\" content=\"Est. reading time\" \/>\n\t<meta name=\"twitter:data1\" content=\"3 minutes\" \/>\n<script type=\"application\/ld+json\" class=\"yoast-schema-graph\">{\"@context\":\"https:\\\/\\\/schema.org\",\"@graph\":[{\"@type\":\"WebPage\",\"@id\":\"https:\\\/\\\/finnkiila.fi\\\/en\\\/vauriontorjuntakiila\\\/\",\"url\":\"https:\\\/\\\/finnkiila.fi\\\/en\\\/vauriontorjuntakiila\\\/\",\"name\":\"Damage control wedges and plugs - Finnkiila\",\"isPartOf\":{\"@id\":\"https:\\\/\\\/finnkiila.fi\\\/en\\\/#website\"},\"primaryImageOfPage\":{\"@id\":\"https:\\\/\\\/finnkiila.fi\\\/en\\\/vauriontorjuntakiila\\\/#primaryimage\"},\"image\":{\"@id\":\"https:\\\/\\\/finnkiila.fi\\\/en\\\/vauriontorjuntakiila\\\/#primaryimage\"},\"thumbnailUrl\":\"https:\\\/\\\/finnkiila.fi\\\/wp-content\\\/uploads\\\/2024\\\/06\\\/IMG_4788_www.jpg\",\"datePublished\":\"2024-03-27T12:55:41+00:00\",\"dateModified\":\"2024-12-19T12:45:54+00:00\",\"description\":\"Vauriontorjuntakiila valikoimamme on laaja. Voimme r\u00e4\u00e4t\u00e4l\u00f6id\u00e4 kiilasarjan juuri teid\u00e4n tarpeitanne vastaavaksi!\",\"breadcrumb\":{\"@id\":\"https:\\\/\\\/finnkiila.fi\\\/en\\\/vauriontorjuntakiila\\\/#breadcrumb\"},\"inLanguage\":\"en-US\",\"potentialAction\":[{\"@type\":\"ReadAction\",\"target\":[\"https:\\\/\\\/finnkiila.fi\\\/en\\\/vauriontorjuntakiila\\\/\"]}]},{\"@type\":\"ImageObject\",\"inLanguage\":\"en-US\",\"@id\":\"https:\\\/\\\/finnkiila.fi\\\/en\\\/vauriontorjuntakiila\\\/#primaryimage\",\"url\":\"https:\\\/\\\/finnkiila.fi\\\/wp-content\\\/uploads\\\/2024\\\/06\\\/IMG_4788_www.jpg\",\"contentUrl\":\"https:\\\/\\\/finnkiila.fi\\\/wp-content\\\/uploads\\\/2024\\\/06\\\/IMG_4788_www.jpg\",\"width\":1623,\"height\":1084,\"caption\":\"Kuva viitteellinen! Kuvassa my\u00f6s muita kiiloja.\"},{\"@type\":\"BreadcrumbList\",\"@id\":\"https:\\\/\\\/finnkiila.fi\\\/en\\\/vauriontorjuntakiila\\\/#breadcrumb\",\"itemListElement\":[{\"@type\":\"ListItem\",\"position\":1,\"name\":\"Etusivu\",\"item\":\"https:\\\/\\\/finnkiila.fi\\\/en\\\/\"},{\"@type\":\"ListItem\",\"position\":2,\"name\":\"Damage control wedges and plugs\"}]},{\"@type\":\"WebSite\",\"@id\":\"https:\\\/\\\/finnkiila.fi\\\/en\\\/#website\",\"url\":\"https:\\\/\\\/finnkiila.fi\\\/en\\\/\",\"name\":\"Finnkiila\",\"description\":\"Puukiilat rakentamiseen ja teollisuuteen\",\"potentialAction\":[{\"@type\":\"SearchAction\",\"target\":{\"@type\":\"EntryPoint\",\"urlTemplate\":\"https:\\\/\\\/finnkiila.fi\\\/en\\\/?s={search_term_string}\"},\"query-input\":{\"@type\":\"PropertyValueSpecification\",\"valueRequired\":true,\"valueName\":\"search_term_string\"}}],\"inLanguage\":\"en-US\"}]}<\/script>\n<!-- \/ Yoast SEO plugin. -->","yoast_head_json":{"title":"Damage control wedges and plugs - Finnkiila","description":"Vauriontorjuntakiila valikoimamme on laaja. Voimme r\u00e4\u00e4t\u00e4l\u00f6id\u00e4 kiilasarjan juuri teid\u00e4n tarpeitanne vastaavaksi!","robots":{"index":"index","follow":"follow","max-snippet":"max-snippet:-1","max-image-preview":"max-image-preview:large","max-video-preview":"max-video-preview:-1"},"canonical":"https:\/\/finnkiila.fi\/en\/vauriontorjuntakiila\/","og_locale":"en_US","og_type":"article","og_title":"Damage control wedges and plugs - Finnkiila","og_description":"Vauriontorjuntakiila valikoimamme on laaja. Voimme r\u00e4\u00e4t\u00e4l\u00f6id\u00e4 kiilasarjan juuri teid\u00e4n tarpeitanne vastaavaksi!","og_url":"https:\/\/finnkiila.fi\/en\/vauriontorjuntakiila\/","og_site_name":"Finnkiila","article_modified_time":"2024-12-19T12:45:54+00:00","og_image":[{"width":1623,"height":1084,"url":"https:\/\/finnkiila.fi\/wp-content\/uploads\/2024\/06\/IMG_4788_www.jpg","type":"image\/jpeg"}],"twitter_card":"summary_large_image","twitter_misc":{"Est. reading time":"3 minutes"},"schema":{"@context":"https:\/\/schema.org","@graph":[{"@type":"WebPage","@id":"https:\/\/finnkiila.fi\/en\/vauriontorjuntakiila\/","url":"https:\/\/finnkiila.fi\/en\/vauriontorjuntakiila\/","name":"Damage control wedges and plugs - Finnkiila","isPartOf":{"@id":"https:\/\/finnkiila.fi\/en\/#website"},"primaryImageOfPage":{"@id":"https:\/\/finnkiila.fi\/en\/vauriontorjuntakiila\/#primaryimage"},"image":{"@id":"https:\/\/finnkiila.fi\/en\/vauriontorjuntakiila\/#primaryimage"},"thumbnailUrl":"https:\/\/finnkiila.fi\/wp-content\/uploads\/2024\/06\/IMG_4788_www.jpg","datePublished":"2024-03-27T12:55:41+00:00","dateModified":"2024-12-19T12:45:54+00:00","description":"Vauriontorjuntakiila valikoimamme on laaja. Voimme r\u00e4\u00e4t\u00e4l\u00f6id\u00e4 kiilasarjan juuri teid\u00e4n tarpeitanne vastaavaksi!","breadcrumb":{"@id":"https:\/\/finnkiila.fi\/en\/vauriontorjuntakiila\/#breadcrumb"},"inLanguage":"en-US","potentialAction":[{"@type":"ReadAction","target":["https:\/\/finnkiila.fi\/en\/vauriontorjuntakiila\/"]}]},{"@type":"ImageObject","inLanguage":"en-US","@id":"https:\/\/finnkiila.fi\/en\/vauriontorjuntakiila\/#primaryimage","url":"https:\/\/finnkiila.fi\/wp-content\/uploads\/2024\/06\/IMG_4788_www.jpg","contentUrl":"https:\/\/finnkiila.fi\/wp-content\/uploads\/2024\/06\/IMG_4788_www.jpg","width":1623,"height":1084,"caption":"Kuva viitteellinen! Kuvassa my\u00f6s muita kiiloja."},{"@type":"BreadcrumbList","@id":"https:\/\/finnkiila.fi\/en\/vauriontorjuntakiila\/#breadcrumb","itemListElement":[{"@type":"ListItem","position":1,"name":"Etusivu","item":"https:\/\/finnkiila.fi\/en\/"},{"@type":"ListItem","position":2,"name":"Damage control wedges and plugs"}]},{"@type":"WebSite","@id":"https:\/\/finnkiila.fi\/en\/#website","url":"https:\/\/finnkiila.fi\/en\/","name":"Finnkiila","description":"Puukiilat rakentamiseen ja teollisuuteen","potentialAction":[{"@type":"SearchAction","target":{"@type":"EntryPoint","urlTemplate":"https:\/\/finnkiila.fi\/en\/?s={search_term_string}"},"query-input":{"@type":"PropertyValueSpecification","valueRequired":true,"valueName":"search_term_string"}}],"inLanguage":"en-US"}]}},"_links":{"self":[{"href":"https:\/\/finnkiila.fi\/en\/wp-json\/wp\/v2\/pages\/504","targetHints":{"allow":["GET"]}}],"collection":[{"href":"https:\/\/finnkiila.fi\/en\/wp-json\/wp\/v2\/pages"}],"about":[{"href":"https:\/\/finnkiila.fi\/en\/wp-json\/wp\/v2\/types\/page"}],"author":[{"embeddable":true,"href":"https:\/\/finnkiila.fi\/en\/wp-json\/wp\/v2\/users\/2"}],"replies":[{"embeddable":true,"href":"https:\/\/finnkiila.fi\/en\/wp-json\/wp\/v2\/comments?post=504"}],"version-history":[{"count":20,"href":"https:\/\/finnkiila.fi\/en\/wp-json\/wp\/v2\/pages\/504\/revisions"}],"predecessor-version":[{"id":806,"href":"https:\/\/finnkiila.fi\/en\/wp-json\/wp\/v2\/pages\/504\/revisions\/806"}],"wp:featuredmedia":[{"embeddable":true,"href":"https:\/\/finnkiila.fi\/en\/wp-json\/wp\/v2\/media\/606"}],"wp:attachment":[{"href":"https:\/\/finnkiila.fi\/en\/wp-json\/wp\/v2\/media?parent=504"}],"curies":[{"name":"wp","href":"https:\/\/api.w.org\/{rel}","templated":true}]}}